{"id":74,"date":"2015-12-08T14:49:02","date_gmt":"2015-12-08T13:49:02","guid":{"rendered":"http:\/\/www.les-black-panthers.org\/FootUS\/?page_id=74"},"modified":"2024-01-30T19:43:22","modified_gmt":"2024-01-30T18:43:22","slug":"arbitrage","status":"publish","type":"page","link":"https:\/\/www.les-black-panthers.org\/FootUS\/arbitrage\/","title":{"rendered":"DEVENIR ARBITRE"},"content":{"rendered":"<div class=\"wpb-content-wrapper\"><p>[vc_row][vc_column width=\u00a0\u00bb1\/6&Prime;][\/vc_column][vc_column width=\u00a0\u00bb2\/3&Prime;][vc_column_text]<span style=\"color: #00ccff;\"><b><strong style=\"font-style: inherit;\"><span style=\"font-weight: inherit; font-style: inherit;\">Recrutement arbitres<\/span><\/strong><\/b><\/span><\/p>\n<p><span style=\"font-weight: inherit; font-style: inherit;\">Vous avez la possibilit\u00e9 d&rsquo;int\u00e9grer le club des Black Panthers en tant qu&rsquo;arbitre. <\/span><br style=\"font-weight: inherit; font-style: inherit;\" \/><span style=\"font-weight: inherit; font-style: inherit;\">Toutes les formations et frais occasionn\u00e9s par l&rsquo;activit\u00e9 d&rsquo;arbitrage sont pris en charge par le club.<\/span><span style=\"font-weight: inherit; font-style: inherit;\"><br style=\"font-weight: inherit; font-style: inherit;\" \/>Il vous est possible d&rsquo;\u00e9voluer tr\u00e8s rapidement dans ce domaine.<br \/>\n<\/span>Les novices sont bien entendu les bienvenus.<\/p>\n<p><span style=\"font-weight: inherit; font-style: inherit;\">N&rsquo;h\u00e9sitez pas \u00e0 vous renseigner !!<\/span><\/p>\n<p><a href=\"https:\/\/www.les-black-panthers.org\/FootUS\/wp-content\/uploads\/2018\/07\/Recrutement-Arbitre.jpg\"><img loading=\"lazy\" decoding=\"async\" class=\" wp-image-6282 aligncenter\" src=\"https:\/\/www.les-black-panthers.org\/FootUS\/wp-content\/uploads\/2018\/07\/Recrutement-Arbitre-300x150.jpg\" alt=\"\" width=\"632\" height=\"316\" srcset=\"https:\/\/www.les-black-panthers.org\/FootUS\/wp-content\/uploads\/2018\/07\/Recrutement-Arbitre-300x150.jpg 300w, https:\/\/www.les-black-panthers.org\/FootUS\/wp-content\/uploads\/2018\/07\/Recrutement-Arbitre-768x384.jpg 768w, https:\/\/www.les-black-panthers.org\/FootUS\/wp-content\/uploads\/2018\/07\/Recrutement-Arbitre-1024x512.jpg 1024w, https:\/\/www.les-black-panthers.org\/FootUS\/wp-content\/uploads\/2018\/07\/Recrutement-Arbitre-128x64.jpg 128w, https:\/\/www.les-black-panthers.org\/FootUS\/wp-content\/uploads\/2018\/07\/Recrutement-Arbitre-32x16.jpg 32w, https:\/\/www.les-black-panthers.org\/FootUS\/wp-content\/uploads\/2018\/07\/Recrutement-Arbitre-400x200.jpg 400w, https:\/\/www.les-black-panthers.org\/FootUS\/wp-content\/uploads\/2018\/07\/Recrutement-Arbitre-450x225.jpg 450w, https:\/\/www.les-black-panthers.org\/FootUS\/wp-content\/uploads\/2018\/07\/Recrutement-Arbitre.jpg 1067w\" sizes=\"(max-width: 632px) 100vw, 632px\" \/><\/a>[\/vc_column_text][\/vc_column][vc_column width=\u00a0\u00bb1\/6&Prime;][\/vc_column][\/vc_row]<\/p>\n<\/div>","protected":false},"excerpt":{"rendered":"<p>[vc_row][vc_column width=\u00a0\u00bb1\/6&Prime;][\/vc_column][vc_column width=\u00a0\u00bb2\/3&Prime;][vc_column_text]Recrutement arbitres Vous avez la possibilit\u00e9 d&rsquo;int\u00e9grer le club des Black Panthers en tant qu&rsquo;arbitre. Toutes les formations et frais occasionn\u00e9s par l&rsquo;activit\u00e9 d&rsquo;arbitrage sont pris en charge par le club.Il vous est possible d&rsquo;\u00e9voluer tr\u00e8s rapidement dans ce domaine. Les novices sont bien entendu les bienvenus. N&rsquo;h\u00e9sitez pas \u00e0 vous renseigner !! [\/vc_column_text][\/vc_column][vc_column width=\u00a0\u00bb1\/6&Prime;][\/vc_column][\/vc_row]<\/p>\n","protected":false},"author":17,"featured_media":0,"parent":0,"menu_order":0,"comment_status":"closed","ping_status":"closed","template":"","meta":{"footnotes":""},"_links":{"self":[{"href":"https:\/\/www.les-black-panthers.org\/FootUS\/wp-json\/wp\/v2\/pages\/74"}],"collection":[{"href":"https:\/\/www.les-black-panthers.org\/FootUS\/wp-json\/wp\/v2\/pages"}],"about":[{"href":"https:\/\/www.les-black-panthers.org\/FootUS\/wp-json\/wp\/v2\/types\/page"}],"author":[{"embeddable":true,"href":"https:\/\/www.les-black-panthers.org\/FootUS\/wp-json\/wp\/v2\/users\/17"}],"replies":[{"embeddable":true,"href":"https:\/\/www.les-black-panthers.org\/FootUS\/wp-json\/wp\/v2\/comments?post=74"}],"version-history":[{"count":11,"href":"https:\/\/www.les-black-panthers.org\/FootUS\/wp-json\/wp\/v2\/pages\/74\/revisions"}],"predecessor-version":[{"id":16580,"href":"https:\/\/www.les-black-panthers.org\/FootUS\/wp-json\/wp\/v2\/pages\/74\/revisions\/16580"}],"wp:attachment":[{"href":"https:\/\/www.les-black-panthers.org\/FootUS\/wp-json\/wp\/v2\/media?parent=74"}],"curies":[{"name":"wp","href":"https:\/\/api.w.org\/{rel}","templated":true}]}}