{"id":162,"date":"2015-12-08T15:38:58","date_gmt":"2015-12-08T14:38:58","guid":{"rendered":"http:\/\/www.les-black-panthers.org\/FootUS\/?page_id=162"},"modified":"2025-11-28T17:00:24","modified_gmt":"2025-11-28T16:00:24","slug":"devenir-partenaire","status":"publish","type":"page","link":"https:\/\/www.les-black-panthers.org\/FootUS\/partenaires\/devenir-partenaire\/","title":{"rendered":"Devenir partenaire"},"content":{"rendered":"<div class=\"wpb-content-wrapper\"><p>[vc_row][vc_column width=\u00a0\u00bb1\/6&Prime;][\/vc_column][vc_column width=\u00a0\u00bb2\/3&Prime;][vc_column_text]<\/p>\n<p style=\"text-align: center;\"><strong><span style=\"color: #00ccff;\">Devenir membre du prestigieux Club des Partenaires des Black Panthers !<\/span><\/strong><\/p>\n<p style=\"text-align: left;\">C\u2019est gr\u00e2ce aux partenaires que le club vit et avec nous que vous vivez une exp\u00e9rience unique dans le Chablais<\/p>\n<p style=\"text-align: left;\">Vous devenez les fondations des Black Panthers de Thonon<\/p>\n<p style=\"text-align: left;\"><em><strong>Plus de 110 partenaires soutiendront les Black Panthers en 2025 !<\/strong><\/em><\/p>\n<p style=\"text-align: left;\">Autant dire que les objectifs sportifs et structurels sont une n\u00e9cessit\u00e9 vitale pour la viabilit\u00e9 et la p\u00e9rennit\u00e9 du club tout entier<\/p>\n<p style=\"text-align: left;\"><span style=\"color: #00ccff;\"><strong>LES OBJECTIFS DU CLUB DES PARTENAIRES <\/strong><\/span><\/p>\n<ul>\n<li style=\"text-align: left;\">Faire conna\u00eetre les entreprises et leurs domaines d\u2019intervention aux autres partenaires<\/li>\n<li style=\"text-align: left;\">Apprendre \u00e0 se conna\u00eetre et d\u00e9velopper des relations d\u2019affaire<\/li>\n<li style=\"text-align: left;\">D\u00e9velopper le r\u00e9flexe \u201cClub Partenaires\u201d lors d\u2019une recherche de client, de fournisseur&#8230;<\/li>\n<li style=\"text-align: left;\">Entretenir la convivialit\u00e9 entre ses membres<\/li>\n<\/ul>\n<p>[\/vc_column_text][\/vc_column][vc_column width=\u00a0\u00bb1\/6&Prime;][\/vc_column][\/vc_row][vc_row css=\u00a0\u00bb.vc_custom_1705956787817{margin-top: 20px !important;margin-bottom: 20px !important;}\u00a0\u00bb][vc_column width=\u00a0\u00bb1\/6&Prime;][\/vc_column][vc_column width=\u00a0\u00bb2\/3&Prime;][vc_single_image image=\u00a0\u00bb16192&Prime; img_size=\u00a0\u00bb800&#215;300&Prime;][\/vc_column][vc_column width=\u00a0\u00bb1\/6&Prime;][\/vc_column][\/vc_row][vc_row][vc_column width=\u00a0\u00bb1\/6&Prime;][\/vc_column][vc_column width=\u00a0\u00bb2\/3&Prime;][vc_column_text]<\/p>\n<p style=\"text-align: left;\"><span style=\"color: #00ccff;\"><strong>LES ACTIONS <\/strong><\/span><\/p>\n<p style=\"text-align: left;\"><em><strong>L&rsquo;IDENTIT\u00c9 VISUELLE<\/strong><\/em><br \/>\nElle permet l\u2019identification des membres et des actions mises en place<\/p>\n<p style=\"text-align: left;\"><em><strong>LE \u00ab\u00a0WHO&rsquo;S WHO\u00a0\u00bb<\/strong><\/em><br \/>\nLe livret des partenaires regroupe l\u2019ensemble des coordonn\u00e9es de nos partenaires avec le portrait de chaque responsable d\u2019entreprise<\/p>\n<p style=\"text-align: left;\"><em><strong>LA BOITE MAIL<\/strong><\/em><br \/>\nVous \u00eates \u00e0 la recherche d\u2019une entreprise dynamique et comp\u00e9tente, r\u00e9pondant \u00e0 des crit\u00e8res bien sp\u00e9cifiques ?<br \/>\nAdressez un mail \u00e0 <strong><em>partenaire@les-black-panthers.org<\/em><\/strong><br \/>\nNous trouverons parmi les partenaires des Black Panthers une entreprise pour r\u00e9pondre \u00e0 vos besoins<\/p>\n<p style=\"text-align: left;\"><strong><em>LA PR\u00c9SENTATION D&rsquo;ENTREPRISE<\/em><\/strong><br \/>\nAvant ou apr\u00e8s chaque rencontre \u00e0 domicile au stade Joseph Moynat, un partenaire pourra pr\u00e9senter son entreprise. Une occasion unique de se faire conna\u00eetre par des professionnels et des personnalit\u00e9s Thononaises<\/p>\n<p style=\"text-align: left;\"><em><strong>SOIR\u00c9E DE GALA DES PARTENAIRES<\/strong><\/em><br \/>\nChaque ann\u00e9e, courant janvier, nous organisons une soir\u00e9e d\u00e9di\u00e9e aux Partenaires au sein du prestigieux Casino d\u2019Evian<\/p>\n<p style=\"text-align: left;\"><em><strong>LE TOURNOI DES PARTENAIRES<\/strong><\/em><br \/>\nA la fin de la saison, nous organisons le \u00ab Tournoi des Partenaires \u00bb (flag) o\u00f9 chaque partenaire peut inscrire une \u00e9quipe et b\u00e9n\u00e9ficie de l\u2019aide d\u2019un des joueurs de l\u2019effectif Elite<\/p>\n<p style=\"text-align: left;\">Vous souhaitez vous impliquer et\u00a0rencontrer d\u2019autres partenaires, organiser une visite de votre entreprise&#8230;<br \/>\nN\u2019h\u00e9sitez pas, contactez nous !<\/p>\n<p><strong>Catalogues :<\/strong><\/p>\n<ul>\n<li style=\"list-style-type: none;\">\n<ul>\n<li><a href=\"https:\/\/online.fliphtml5.com\/ayycv\/rktj\/#p=1\" target=\"_blank\" rel=\"noopener\">Pourquoi devenir membre du Club Partenaires ?<\/a><\/li>\n<li><a href=\"https:\/\/www.les-black-panthers.org\/FootUS\/BlackPanthers-CataloguePartenaire-2026_digital.pdf\">Catalogue Partenaires 25-26<\/a><\/li>\n<li><a href=\"https:\/\/www.les-black-panthers.org\/FootUS\/wp-content\/uploads\/2023\/02\/Black-Panthers-Hospitalit\u00e9.pdf\" target=\"_blank\" rel=\"noopener\">Catalogue Hospitalit\u00e9s<\/a><\/li>\n<\/ul>\n<\/li>\n<\/ul>\n<p>&nbsp;<\/p>\n<p><strong>Nos supports d&rsquo;information :<\/strong><\/p>\n<ul>\n<li style=\"list-style-type: none;\">\n<ul>\n<li><a href=\"https:\/\/www.les-black-panthers.org\/FootUS\/BusinessClub.mp4\">Pr\u00e9sentation du Business Club 2026<\/a><\/li>\n<li><a href=\"https:\/\/www.les-black-panthers.org\/FootUS\/Presentation_Ben.pdf\">Pr\u00e9sentation Black Panthers 2025-2026<\/a><\/li>\n<li><a href=\"https:\/\/www.les-black-panthers.org\/FootUS\/Presentation_Formation_Timon.pdf\">Pr\u00e9sentation \u00c9cole de Formation 2025-2026<\/a><\/li>\n<li><a href=\"https:\/\/www.les-black-panthers.org\/FootUS\/Presentation_Larry-Charles.pdf\">Aller plus loin ensemble 2026<\/a><\/li>\n<li><a href=\"https:\/\/www.les-black-panthers.org\/FootUS\/wp-content\/uploads\/2023\/02\/Black-Panthers_-29_04_22.pdf\">Suppl\u00e9ment Dauphin\u00e9 Lib\u00e9r\u00e9 2022<\/a><\/li>\n<li><a href=\"https:\/\/www.dailymotion.com\/video\/x85ulp7\">Vid\u00e9o Le projet 2024 avec nos partenaires<\/a><\/li>\n<li><a href=\"https:\/\/www.dailymotion.com\/video\/x6xzn79\" target=\"_blank\" rel=\"noopener\">Vid\u00e9o \u00ab\u00a0Devenir Partenaire (2017)\u00a0\u00bb<\/a><\/li>\n<li><a href=\"https:\/\/www.les-black-panthers.org\/FootUS\/wp-content\/uploads\/2023\/02\/Les_Black_panthers-2022.pdf\">Les Black Panthers 2022<\/a><\/li>\n<li><a href=\"https:\/\/www.les-black-panthers.org\/FootUS\/wp-content\/uploads\/2019\/08\/black-panthers-2019-pour-BAT.pdf\" target=\"_blank\" rel=\"noopener\">Edition Sp\u00e9ciale Dauphin\u00e9 Lib\u00e9r\u00e9 2019<\/a><\/li>\n<li><a href=\"https:\/\/www.dailymotion.com\/video\/x7ba1y8\" target=\"_blank\" rel=\"noopener\">PanthersTV : Exemple de retransmission 2019<\/a><\/li>\n<\/ul>\n<\/li>\n<\/ul>\n<p>[\/vc_column_text][\/vc_column][vc_column width=\u00a0\u00bb1\/6&Prime;][\/vc_column][\/vc_row][vc_row css=\u00a0\u00bb.vc_custom_1706289322111{margin-bottom: 102px !important;}\u00a0\u00bb][vc_column width=\u00a0\u00bb1\/6&Prime;][\/vc_column][vc_column width=\u00a0\u00bb1\/3&Prime;][\/vc_column][vc_column width=\u00a0\u00bb1\/3&Prime;][\/vc_column][vc_column width=\u00a0\u00bb1\/6&Prime;][\/vc_column][\/vc_row]<\/p>\n<\/div>","protected":false},"excerpt":{"rendered":"<p>[vc_row][vc_column width=\u00a0\u00bb1\/6&Prime;][\/vc_column][vc_column width=\u00a0\u00bb2\/3&Prime;][vc_column_text] Devenir membre du prestigieux Club des Partenaires des Black Panthers ! C\u2019est gr\u00e2ce aux partenaires que le club vit et avec nous que vous vivez une exp\u00e9rience unique dans le Chablais Vous devenez les fondations des Black Panthers de Thonon Plus de 110 partenaires soutiendront les Black Panthers en 2025 ! Autant dire que les objectifs sportifs&hellip;<\/p>\n","protected":false},"author":17,"featured_media":0,"parent":152,"menu_order":0,"comment_status":"closed","ping_status":"closed","template":"","meta":{"footnotes":""},"_links":{"self":[{"href":"https:\/\/www.les-black-panthers.org\/FootUS\/wp-json\/wp\/v2\/pages\/162"}],"collection":[{"href":"https:\/\/www.les-black-panthers.org\/FootUS\/wp-json\/wp\/v2\/pages"}],"about":[{"href":"https:\/\/www.les-black-panthers.org\/FootUS\/wp-json\/wp\/v2\/types\/page"}],"author":[{"embeddable":true,"href":"https:\/\/www.les-black-panthers.org\/FootUS\/wp-json\/wp\/v2\/users\/17"}],"replies":[{"embeddable":true,"href":"https:\/\/www.les-black-panthers.org\/FootUS\/wp-json\/wp\/v2\/comments?post=162"}],"version-history":[{"count":62,"href":"https:\/\/www.les-black-panthers.org\/FootUS\/wp-json\/wp\/v2\/pages\/162\/revisions"}],"predecessor-version":[{"id":17647,"href":"https:\/\/www.les-black-panthers.org\/FootUS\/wp-json\/wp\/v2\/pages\/162\/revisions\/17647"}],"up":[{"embeddable":true,"href":"https:\/\/www.les-black-panthers.org\/FootUS\/wp-json\/wp\/v2\/pages\/152"}],"wp:attachment":[{"href":"https:\/\/www.les-black-panthers.org\/FootUS\/wp-json\/wp\/v2\/media?parent=162"}],"curies":[{"name":"wp","href":"https:\/\/api.w.org\/{rel}","templated":true}]}}