{"id":15859,"date":"2024-01-19T09:20:11","date_gmt":"2024-01-19T08:20:11","guid":{"rendered":"https:\/\/www.les-black-panthers.org\/FootUS\/?page_id=15859"},"modified":"2024-01-30T19:56:59","modified_gmt":"2024-01-30T18:56:59","slug":"e-sport-kezaco","status":"publish","type":"page","link":"https:\/\/www.les-black-panthers.org\/FootUS\/e-sport-kezaco\/","title":{"rendered":"E-Sport K\u00e9zaco"},"content":{"rendered":"<div class=\"wpb-content-wrapper\"><p>[vc_row full_width=\u00a0\u00bbstretch_row_content\u00a0\u00bb content_placement=\u00a0\u00bbbottom\u00a0\u00bb css=\u00a0\u00bb.vc_custom_1706015634234{margin-top: -100px !important;background-image: url(https:\/\/www.les-black-panthers.org\/FootUS\/wp-content\/uploads\/2024\/01\/ESport-fond-2.jpg?id=16269) !important;background-position: top center !important;background-repeat: no-repeat !important;background-size: cover !important;}\u00a0\u00bb][vc_column el_class=\u00a0\u00bbpx_height\u00a0\u00bb][vc_empty_space height=\u00a0\u00bb100px\u00a0\u00bb alter_height=\u00a0\u00bbnone\u00a0\u00bb hide_on_desktop=\u00a0\u00bb\u00a0\u00bb hide_on_notebook=\u00a0\u00bb\u00a0\u00bb hide_on_tablet=\u00a0\u00bb\u00a0\u00bb hide_on_mobile=\u00a0\u00bb\u00a0\u00bb][vc_row_inner][vc_column_inner width=\u00a0\u00bb1\/6&Prime;][\/vc_column_inner][vc_column_inner width=\u00a0\u00bb2\/3&Prime;][vc_single_image image=\u00a0\u00bb16270&Prime; img_size=\u00a0\u00bblarge\u00a0\u00bb alignment=\u00a0\u00bbcenter\u00a0\u00bb][\/vc_column_inner][vc_column_inner width=\u00a0\u00bb1\/6&Prime;][\/vc_column_inner][\/vc_row_inner][vc_empty_space height=\u00a0\u00bb100px\u00a0\u00bb alter_height=\u00a0\u00bbnone\u00a0\u00bb hide_on_desktop=\u00a0\u00bb\u00a0\u00bb hide_on_notebook=\u00a0\u00bb\u00a0\u00bb hide_on_tablet=\u00a0\u00bb\u00a0\u00bb hide_on_mobile=\u00a0\u00bb\u00a0\u00bb][vc_row_inner][vc_column_inner width=\u00a0\u00bb1\/6&Prime;][\/vc_column_inner][vc_column_inner width=\u00a0\u00bb2\/3&Prime;][vc_column_text css_animation=\u00a0\u00bbfadeInDown\u00a0\u00bb css=\u00a0\u00bb.vc_custom_1705652332472{margin-bottom: 3% !important;}\u00a0\u00bb]<span style=\"color: #007fc0; text-transform: uppercase; font-weight: bold;\">E-Sport, K\u00e9zaco ?<\/span><\/p>\n<p style=\"color: #ffffff;\"><strong>France Esports<\/strong> d\u00e9finit l&rsquo;e-sport comme l&rsquo;ensemble des pratiques permettant \u00e0 des joueurs de se confronter par l&rsquo;interm\u00e9diaire d&rsquo;un support \u00e9lectronique, et principalement le jeu vid\u00e9o, et cela que ce soit de mani\u00e8re synchronique (affrontement simultan\u00e9) ou asynchronique (affrontement diff\u00e9r\u00e9 par highscore ou temps interpos\u00e9).<\/p>\n<p>[\/vc_column_text][vc_column_text css_animation=\u00a0\u00bbfadeInDown\u00a0\u00bb]<\/p>\n<p style=\"color: #007fc0; text-transform: uppercase; font-weight: bold;\"><em>De nombreuses fa\u00e7ons de pratiquer<\/em><br \/>\n<span style=\"color: #999999;\">La pratique e-sportive peut sch\u00e9matiquement se ventiler en quatre modalit\u00e9s<\/span><\/p>\n<p style=\"color: #ffffff;\"><span style=\"color: #007fc0;\">1<\/span> Une pratique de loisir au cours de laquelle des joueurs se confrontent au sein de leur cercle personne, de mani\u00e8re informelle et en dehors de tout syst\u00e8me de comp\u00e9tition ou classement<br \/>\n<span style=\"color: #007fc0;\">2<\/span> Une pratique amateur constitu\u00e9e de sportifs qui s&rsquo;engagent dans une pratique comp\u00e9titive \u00e9pisodique ou r\u00e9guli\u00e8re. Cela regroupe autant les LAN que les parties class\u00e9es sur internet<br \/>\n<span style=\"color: #007fc0;\">3<\/span> Une pratique professionnelle constitu\u00e9e de joueurs professionnels engag\u00e9s dans une pratique comp\u00e9titive constante et intensive pour laquelle ils sont r\u00e9mun\u00e9r\u00e9s<br \/>\n<span style=\"color: #007fc0;\">4<\/span> Une pratique de spectacle, transversale aux trois premi\u00e8res, constitu\u00e9e de streamers qui animent la diffusion de leurs parties, en comp\u00e9tition ou non, dans le but de divertir. Les trois pratiques peuvent rentrer dans cette cat\u00e9gorie<\/p>\n<p>[\/vc_column_text][\/vc_column_inner][vc_column_inner width=\u00a0\u00bb1\/6&Prime;][\/vc_column_inner][\/vc_row_inner][vc_empty_space height=\u00a0\u00bb50px\u00a0\u00bb alter_height=\u00a0\u00bbnone\u00a0\u00bb hide_on_desktop=\u00a0\u00bb\u00a0\u00bb hide_on_notebook=\u00a0\u00bb\u00a0\u00bb hide_on_tablet=\u00a0\u00bb\u00a0\u00bb hide_on_mobile=\u00a0\u00bb\u00a0\u00bb][vc_single_image image=\u00a0\u00bb15949&Prime; img_size=\u00a0\u00bbfull\u00a0\u00bb alignment=\u00a0\u00bbcenter\u00a0\u00bb onclick=\u00a0\u00bbcustom_link\u00a0\u00bb img_link_target=\u00a0\u00bb_blank\u00a0\u00bb link=\u00a0\u00bbhttps:\/\/www.les-black-panthers.org\/FootUS\/wp-content\/uploads\/2024\/01\/Les-CHIFFRES-HD.jpg\u00a0\u00bb][vc_single_image image=\u00a0\u00bb16273&Prime; img_size=\u00a0\u00bbfull\u00a0\u00bb alignment=\u00a0\u00bbcenter\u00a0\u00bb][\/vc_column][\/vc_row]<\/p>\n<\/div>","protected":false},"excerpt":{"rendered":"<p>[vc_row full_width=\u00a0\u00bbstretch_row_content\u00a0\u00bb content_placement=\u00a0\u00bbbottom\u00a0\u00bb css=\u00a0\u00bb.vc_custom_1706015634234{margin-top: -100px !important;background-image: url(https:\/\/www.les-black-panthers.org\/FootUS\/wp-content\/uploads\/2024\/01\/ESport-fond-2.jpg?id=16269) !important;background-position: top center !important;background-repeat: no-repeat !important;background-size: cover !important;}\u00a0\u00bb][vc_column el_class=\u00a0\u00bbpx_height\u00a0\u00bb][vc_empty_space height=\u00a0\u00bb100px\u00a0\u00bb alter_height=\u00a0\u00bbnone\u00a0\u00bb hide_on_desktop=\u00a0\u00bb\u00a0\u00bb hide_on_notebook=\u00a0\u00bb\u00a0\u00bb hide_on_tablet=\u00a0\u00bb\u00a0\u00bb hide_on_mobile=\u00a0\u00bb\u00a0\u00bb][vc_row_inner][vc_column_inner width=\u00a0\u00bb1\/6&Prime;][\/vc_column_inner][vc_column_inner width=\u00a0\u00bb2\/3&Prime;][vc_single_image image=\u00a0\u00bb16270&Prime; img_size=\u00a0\u00bblarge\u00a0\u00bb alignment=\u00a0\u00bbcenter\u00a0\u00bb][\/vc_column_inner][vc_column_inner width=\u00a0\u00bb1\/6&Prime;][\/vc_column_inner][\/vc_row_inner][vc_empty_space height=\u00a0\u00bb100px\u00a0\u00bb alter_height=\u00a0\u00bbnone\u00a0\u00bb hide_on_desktop=\u00a0\u00bb\u00a0\u00bb hide_on_notebook=\u00a0\u00bb\u00a0\u00bb hide_on_tablet=\u00a0\u00bb\u00a0\u00bb hide_on_mobile=\u00a0\u00bb\u00a0\u00bb][vc_row_inner][vc_column_inner width=\u00a0\u00bb1\/6&Prime;][\/vc_column_inner][vc_column_inner width=\u00a0\u00bb2\/3&Prime;][vc_column_text css_animation=\u00a0\u00bbfadeInDown\u00a0\u00bb css=\u00a0\u00bb.vc_custom_1705652332472{margin-bottom: 3% !important;}\u00a0\u00bb]E-Sport, K\u00e9zaco ? France Esports d\u00e9finit l&rsquo;e-sport comme l&rsquo;ensemble des pratiques permettant \u00e0 des joueurs de se confronter par l&rsquo;interm\u00e9diaire d&rsquo;un&hellip;<\/p>\n","protected":false},"author":17,"featured_media":0,"parent":0,"menu_order":0,"comment_status":"closed","ping_status":"closed","template":"","meta":{"footnotes":""},"_links":{"self":[{"href":"https:\/\/www.les-black-panthers.org\/FootUS\/wp-json\/wp\/v2\/pages\/15859"}],"collection":[{"href":"https:\/\/www.les-black-panthers.org\/FootUS\/wp-json\/wp\/v2\/pages"}],"about":[{"href":"https:\/\/www.les-black-panthers.org\/FootUS\/wp-json\/wp\/v2\/types\/page"}],"author":[{"embeddable":true,"href":"https:\/\/www.les-black-panthers.org\/FootUS\/wp-json\/wp\/v2\/users\/17"}],"replies":[{"embeddable":true,"href":"https:\/\/www.les-black-panthers.org\/FootUS\/wp-json\/wp\/v2\/comments?post=15859"}],"version-history":[{"count":20,"href":"https:\/\/www.les-black-panthers.org\/FootUS\/wp-json\/wp\/v2\/pages\/15859\/revisions"}],"predecessor-version":[{"id":16593,"href":"https:\/\/www.les-black-panthers.org\/FootUS\/wp-json\/wp\/v2\/pages\/15859\/revisions\/16593"}],"wp:attachment":[{"href":"https:\/\/www.les-black-panthers.org\/FootUS\/wp-json\/wp\/v2\/media?parent=15859"}],"curies":[{"name":"wp","href":"https:\/\/api.w.org\/{rel}","templated":true}]}}