{"id":15818,"date":"2024-01-17T09:51:41","date_gmt":"2024-01-17T08:51:41","guid":{"rendered":"https:\/\/www.les-black-panthers.org\/FootUS\/?page_id=15818"},"modified":"2024-01-30T19:33:15","modified_gmt":"2024-01-30T18:33:15","slug":"devenir-benevole","status":"publish","type":"page","link":"https:\/\/www.les-black-panthers.org\/FootUS\/devenir-benevole\/","title":{"rendered":"DEVENIR B\u00c9N\u00c9VOLE"},"content":{"rendered":"<div class=\"wpb-content-wrapper\"><p>[vc_row][vc_column width=\u00a0\u00bb1\/6&Prime;][\/vc_column][vc_column width=\u00a0\u00bb2\/3&Prime;][vc_column_text]<\/p>\n<p style=\"text-align: justify;\"><span style=\"color: #000000;\"><b><strong style=\"font-style: inherit;\">LE B\u00c9N\u00c9VOLE, C&rsquo;EST QUOI ?<br \/>\n<\/strong><\/b><\/span>Le b\u00e9n\u00e9vole est un moteur pour le club auquel il apporte temps et comp\u00e9tences.<br \/>\nPour de multiples raisons, nous nous retrouvons tous sous les couleurs des Black Panthers, quelles que soient nos origines.<br \/>\nLes b\u00e9n\u00e9voles au sein du club, ce sont plus de 45 personnes qui \u0153uvrent toute l\u2019ann\u00e9e pour que les matchs et toutes les autres manifestations se passent pour le mieux.<br \/>\nNous sommes tous fiers de faire partie des Black Panthers, c\u2019est devenu une partie de nous, une famille que l\u2019on a choisie et qui ne demande qu\u2019\u00e0 s\u2019agrandir.<\/p>\n<p>[\/vc_column_text][\/vc_column][vc_column width=\u00a0\u00bb1\/6&Prime;][\/vc_column][\/vc_row][vc_row css=\u00a0\u00bb.vc_custom_1706456642328{margin-top: 32px !important;}\u00a0\u00bb][vc_column width=\u00a0\u00bb1\/6&Prime;][\/vc_column][vc_column width=\u00a0\u00bb2\/3&Prime;][vc_column_text]<b><strong>RECRUTEMENT B\u00c9N\u00c9VOLES<\/strong><\/b><br \/>\nLe club des Black Panthers est toujours \u00e0 la recherche de b\u00e9n\u00e9voles pour les nombreuses actions qu&rsquo;il souhaite mener.<br \/>\nSi vous souhaitez vivre des \u00e9motions fortes, participer aux futurs succ\u00e8s et prendre part \u00e0 l\u2019organisation du club N\u00b0 1 en France&#8230;<br \/>\nQuelques soient vos qualifications n&rsquo;h\u00e9sitez pas \u00e0 venir rejoindre la famille Black Panthers et vivre avec nous une aventure commenc\u00e9e en 1987.[\/vc_column_text][\/vc_column][vc_column width=\u00a0\u00bb1\/6&Prime;][\/vc_column][\/vc_row][vc_row css=\u00a0\u00bb.vc_custom_1706456628596{margin-top: 32px !important;}\u00a0\u00bb][vc_column width=\u00a0\u00bb1\/6&Prime;][\/vc_column][vc_column width=\u00a0\u00bb2\/3&Prime;][vc_column_text]<strong><span style=\"color: #000000;\">Notre succ\u00e8s, c&rsquo;est avant tout le v\u00f4tre<br \/>\n<\/span><\/strong><span style=\"color: #000000;\">Le succ\u00e8s des Black Panthers de Thonon lors des 30 derni\u00e8res ann\u00e9es, c&rsquo;est bien entendu \u00e0 mettre au cr\u00e9dit des entra\u00eeneurs, des joueurs, des dirigeants, des partenaires&#8230; mais tout ceci sans les b\u00e9n\u00e9voles ne serait pas possible&#8230;<br \/>\n<\/span><span style=\"color: #000000;\">Nos b\u00e9n\u00e9voles\u00a0\u00a0sont l\u2019\u00e2me de ce club au palmar\u00e8s impressionnant !<\/span><\/p>\n<div class=\"text_exposed_show\">\n<p>Merci \u00e0\u00a0<a class=\"profileLink\" href=\"https:\/\/www.facebook.com\/hussarfilms\/?__tn__=K-R&amp;eid=ARBzj0gIBf9c8whFKgMrb88iGrZxX6X-s-ftTnJzkPAvaEj6mMZCUa4dTa22sYgCutkpkMdf9v3sz1GN&amp;fref=mentions&amp;__xts__%5B0%5D=68.ARA3PfQ89ngyhZBOTIBTvPdL1awtaMZz1xfYVJuldyz_JjmzArAbgaZ5D9EzGBlepfeAh2SMHxgyVBiarvsHFPpjq2jB9qc0kWW15JwpSfvTJhuP891iVP7QWKfIGWAsTYGAYRjzYmmdflPXE1sbIn_gmEeVg5ENkB2CIhKMklJrD5pAGJ9SuCUQfU-dYx4-JcqdlmhJF6yAvvKPgWIrdGc8UT3b0VE6mAZrYNogWUVSiDOP2uojCOy6oWM2CM-5P0UOnazbFRRYG09qihFuZe9TmX418FxadgZTxLhsutd4Doc0rx4wrX3qbpkMvcpBifrZMn-i8E5FclNp7upif9yG08D8kHEP\" data-hovercard=\"\/ajax\/hovercard\/page.php?id=226079044963625&amp;extragetparams=%7B%22__tn__%22%3A%22%2CdK-R-R%22%2C%22eid%22%3A%22ARBzj0gIBf9c8whFKgMrb88iGrZxX6X-s-ftTnJzkPAvaEj6mMZCUa4dTa22sYgCutkpkMdf9v3sz1GN%22%2C%22fref%22%3A%22mentions%22%7D\" data-hovercard-prefer-more-content-show=\"1\">Hussarfilms<\/a> pour la r\u00e9alisation.<\/p>\n<p><a class=\"_58cn\" href=\"https:\/\/www.facebook.com\/hashtag\/win?source=feed_text&amp;epa=HASHTAG&amp;__xts__%5B0%5D=68.ARA3PfQ89ngyhZBOTIBTvPdL1awtaMZz1xfYVJuldyz_JjmzArAbgaZ5D9EzGBlepfeAh2SMHxgyVBiarvsHFPpjq2jB9qc0kWW15JwpSfvTJhuP891iVP7QWKfIGWAsTYGAYRjzYmmdflPXE1sbIn_gmEeVg5ENkB2CIhKMklJrD5pAGJ9SuCUQfU-dYx4-JcqdlmhJF6yAvvKPgWIrdGc8UT3b0VE6mAZrYNogWUVSiDOP2uojCOy6oWM2CM-5P0UOnazbFRRYG09qihFuZe9TmX418FxadgZTxLhsutd4Doc0rx4wrX3qbpkMvcpBifrZMn-i8E5FclNp7upif9yG08D8kHEP&amp;__tn__=%2ANK-R\" data-ft=\"{&quot;type&quot;:104,&quot;tn&quot;:&quot;*N&quot;}\"><span class=\"_5afx\"><span class=\"_58cl _5afz\" aria-label=\"hashtag\">#<\/span><span class=\"_58cm\">WIN<\/span><\/span><\/a><\/p>\n<\/div>\n<p>[\/vc_column_text][vc_video link=\u00a0\u00bbhttps:\/\/www.dailymotion.com\/video\/x7buk2f\u00a0\u00bb el_width=\u00a0\u00bb50&Prime;][\/vc_column][vc_column width=\u00a0\u00bb1\/6&Prime;][\/vc_column][\/vc_row]<\/p>\n<\/div>","protected":false},"excerpt":{"rendered":"<p>[vc_row][vc_column width=\u00a0\u00bb1\/6&Prime;][\/vc_column][vc_column width=\u00a0\u00bb2\/3&Prime;][vc_column_text] LE B\u00c9N\u00c9VOLE, C&rsquo;EST QUOI ? Le b\u00e9n\u00e9vole est un moteur pour le club auquel il apporte temps et comp\u00e9tences. Pour de multiples raisons, nous nous retrouvons tous sous les couleurs des Black Panthers, quelles que soient nos origines. Les b\u00e9n\u00e9voles au sein du club, ce sont plus de 45 personnes qui \u0153uvrent toute l\u2019ann\u00e9e pour que les&hellip;<\/p>\n","protected":false},"author":17,"featured_media":0,"parent":0,"menu_order":0,"comment_status":"closed","ping_status":"closed","template":"","meta":{"footnotes":""},"_links":{"self":[{"href":"https:\/\/www.les-black-panthers.org\/FootUS\/wp-json\/wp\/v2\/pages\/15818"}],"collection":[{"href":"https:\/\/www.les-black-panthers.org\/FootUS\/wp-json\/wp\/v2\/pages"}],"about":[{"href":"https:\/\/www.les-black-panthers.org\/FootUS\/wp-json\/wp\/v2\/types\/page"}],"author":[{"embeddable":true,"href":"https:\/\/www.les-black-panthers.org\/FootUS\/wp-json\/wp\/v2\/users\/17"}],"replies":[{"embeddable":true,"href":"https:\/\/www.les-black-panthers.org\/FootUS\/wp-json\/wp\/v2\/comments?post=15818"}],"version-history":[{"count":10,"href":"https:\/\/www.les-black-panthers.org\/FootUS\/wp-json\/wp\/v2\/pages\/15818\/revisions"}],"predecessor-version":[{"id":16579,"href":"https:\/\/www.les-black-panthers.org\/FootUS\/wp-json\/wp\/v2\/pages\/15818\/revisions\/16579"}],"wp:attachment":[{"href":"https:\/\/www.les-black-panthers.org\/FootUS\/wp-json\/wp\/v2\/media?parent=15818"}],"curies":[{"name":"wp","href":"https:\/\/api.w.org\/{rel}","templated":true}]}}