{"id":15674,"date":"2024-01-13T18:15:10","date_gmt":"2024-01-13T17:15:10","guid":{"rendered":"https:\/\/www.les-black-panthers.org\/FootUS\/?page_id=15674"},"modified":"2026-05-03T11:21:44","modified_gmt":"2026-05-03T10:21:44","slug":"accueil","status":"publish","type":"page","link":"https:\/\/www.les-black-panthers.org\/FootUS\/","title":{"rendered":"Accueil"},"content":{"rendered":"<div class=\"wpb-content-wrapper\"><p>[vc_row full_width=\u00a0\u00bbstretch_row_content_no_spaces\u00a0\u00bb css=\u00a0\u00bb.vc_custom_1696926857467{margin-top: 0px !important;padding-top: 0px !important;}\u00a0\u00bb][vc_column css_animation=\u00a0\u00bbfadeInDown\u00a0\u00bb]<div id=\"widget_slider_2096656536\" class=\"widget_area sc_widget_slider vc_widget_slider wpb_content_element\"><aside id=\"widget_slider_2096656536_widget\" class=\"widget widget_slider\">\t\t\t<div class=\"slider_wrap slider_engine_swiper\">\n\t\t\t\t<div id=\"widget_slider_2096656536_outer\" class=\"slider_outer slider_swiper_outer slider_style_default slider_outer_direction_horizontal slider_outer_one slider_outer_pagination slider_outer_pagination_bullets slider_outer_pagination_pos_bottom slider_outer_controls slider_outer_controls_side slider_outer_titles_center\"><div id=\"widget_slider_2096656536_swiper\" class=\"slider_container slider_swiper swiper-slider-container slider_controls slider_controls_side slider_titles_center slider_resize slider_height_auto slider_direction_horizontal slider_pagination slider_pagination_bullets slider_pagination_pos_bottom slider_one slider_type_bg\" data-ratio=\"16:9\" data-interval=\"4000\" data-effect=\"fade\" data-pagination=\"bullets\" data-direction=\"horizontal\" data-slides-per-view=\"1\" data-slides-space=\"0\"><div class=\"slider-wrapper swiper-wrapper\"><div  id=\"slide_2124497495\" class=\"slider-slide swiper-slide\" data-image=\"https:\/\/www.les-black-panthers.org\/FootUS\/wp-content\/uploads\/2024\/01\/Slider-PanthSquad.jpg\" style=\"background-image:url(https:\/\/www.les-black-panthers.org\/FootUS\/wp-content\/uploads\/2024\/01\/Slider-PanthSquad.jpg);\"><a href=\"https:\/\/www.les-black-panthers.org\/FootUS\/pantherssquad\/\" class=\"slide_link\"><\/a><\/div><\/div><!-- \/.slider-wrapper --><div class=\"slider_controls_wrap\"><a class=\"slider_prev swiper-button-prev\" href=\"#\"><\/a><a class=\"slider_next swiper-button-next\" href=\"#\"><\/a><\/div><div class=\"slider_pagination_wrap swiper-pagination\"><\/div><\/div><!-- \/.slider_container --><\/div><!-- \/.slider_outer -->\t\t\t<\/div>\n\t\t\t<\/aside><\/div>[\/vc_column][\/vc_row][vc_row][vc_column width=\u00a0\u00bb1\/2&Prime;][vc_text_separator title=\u00a0\u00bbCHAMPIONNAT ELITE\u00a0\u00bb css_animation=\u00a0\u00bbfadeInUp\u00a0\u00bb][vc_custom_heading text=\u00a0\u00bbProchain match \u00c9lite\u00a0\u00bb font_container=\u00a0\u00bbtag:h4|text_align:left\u00a0\u00bb use_theme_fonts=\u00a0\u00bbyes\u00a0\u00bb][vc_single_image image=\u00a0\u00bb17682&Prime; img_size=\u00a0\u00bbfull\u00a0\u00bb alignment=\u00a0\u00bbcenter\u00a0\u00bb onclick=\u00a0\u00bbcustom_link\u00a0\u00bb link=\u00a0\u00bbhttps:\/\/www.les-black-panthers.org\/FootUS\/calendrier-elite\u00a0\u00bb][\/vc_column][vc_column width=\u00a0\u00bb1\/2&Prime;][vc_text_separator title=\u00a0\u00bbCHAMPIONNAT ESPOIR\u00a0\u00bb css_animation=\u00a0\u00bbfadeInUp\u00a0\u00bb][vc_custom_heading text=\u00a0\u00bbProchain match Espoir\u00a0\u00bb font_container=\u00a0\u00bbtag:h4|text_align:left\u00a0\u00bb use_theme_fonts=\u00a0\u00bbyes\u00a0\u00bb][vc_single_image image=\u00a0\u00bb17929&Prime; img_size=\u00a0\u00bbfull\u00a0\u00bb alignment=\u00a0\u00bbcenter\u00a0\u00bb onclick=\u00a0\u00bbcustom_link\u00a0\u00bb link=\u00a0\u00bbhttps:\/\/www.les-black-panthers.org\/FootUS\/calendrier-espoir\u00a0\u00bb][\/vc_column][\/vc_row][vc_row][vc_column width=\u00a0\u00bb1\/2&Prime;][vc_text_separator title=\u00a0\u00bbCHAMPIONNAT ELITE\u00a0\u00bb css_animation=\u00a0\u00bbfadeInUp\u00a0\u00bb][vc_custom_heading text=\u00a0\u00bbR\u00e9sultats\/Classement\u00a0\u00bb font_container=\u00a0\u00bbtag:h4|text_align:left\u00a0\u00bb use_theme_fonts=\u00a0\u00bbyes\u00a0\u00bb][vc_column_text]<img decoding=\"async\" src=\"https:\/\/www.les-black-panthers.org\/FootUS\/wp-content\/uploads\/HippoResults\/Elite-Resultats-PouleA.png\">[\/vc_column_text][\/vc_column][vc_column width=\u00a0\u00bb1\/2&Prime;][vc_text_separator title=\u00a0\u00bbCHAMPIONNAT ESPOIR\u00a0\u00bb css_animation=\u00a0\u00bbfadeInUp\u00a0\u00bb][vc_custom_heading text=\u00a0\u00bbR\u00e9sultats\/Classement\u00a0\u00bb font_container=\u00a0\u00bbtag:h4|text_align:left\u00a0\u00bb use_theme_fonts=\u00a0\u00bbyes\u00a0\u00bb][vc_column_text]<img decoding=\"async\" src=\"https:\/\/www.les-black-panthers.org\/FootUS\/wp-content\/uploads\/HippoResults\/Espoir-Resultats.png\">[\/vc_column_text][\/vc_column][\/vc_row][vc_row full_width=\u00a0\u00bbstretch_row\u00a0\u00bb content_placement=\u00a0\u00bbtop\u00a0\u00bb extra_bg_mask=\u00a0\u00bb7&Prime; hide_bg_image_on_tablet=\u00a0\u00bb\u00a0\u00bb hide_bg_image_on_mobile=\u00a0\u00bb\u00a0\u00bb css=\u00a0\u00bb.vc_custom_1698655262000{background-size: cover !important;}\u00a0\u00bb][vc_column][vc_text_separator title=\u00a0\u00bbLATEST NEWS !\u00a0\u00bb css_animation=\u00a0\u00bbfadeInUp\u00a0\u00bb][vc_row_inner][vc_column_inner]<div class=\"sc_blogger color_style_default sc_blogger_default\"><div class=\"sc_blogger_columns_wrap sc_item_columns trx_addons_columns_wrap columns_padding_bottom\"><div class=\"trx_addons_column-1_4\"><div class=\"sc_blogger_item post_format_standard post-17908 post type-post status-publish format-standard has-post-thumbnail hentry category-actualites-du-club category-actualites-elite\"><div class=\"post_featured with_thumb hover_border sc_blogger_item_featured\"><img loading=\"lazy\" decoding=\"async\" width=\"700\" height=\"530\" src=\"https:\/\/www.les-black-panthers.org\/FootUS\/wp-content\/uploads\/2026\/04\/AGF2026-Presentation-700x530.jpg\" class=\"attachment-jude-thumb-sq size-jude-thumb-sq wp-post-image\" alt=\"\" \/><div class=\"mask\"><\/div>\t\t\t<div class=\"post_info\">\n\t\t\t\t<div class=\"post_info_back\">\n\t\t\t\t\t<h4 class=\"post_title\"><a href=\"https:\/\/www.les-black-panthers.org\/FootUS\/asemblee-generale-ordinaire-2026\/\">View More<\/a><\/h4>\n\t\t\t\t\t<div class=\"post_descr\" class=\"display_none\">\n\t\t\t\t\t\t<div class=\"post_meta\">\t\t\t\t\t\t<span class=\"post_meta_item post_categories\"><a href=\"https:\/\/www.les-black-panthers.org\/FootUS\/category\/actualites-du-club\/\" rel=\"category tag\">Actualit\u00e9s du Club<\/a>, <a href=\"https:\/\/www.les-black-panthers.org\/FootUS\/category\/actualites-elite\/\" rel=\"category tag\">Actualit\u00e9s Elite<\/a><\/span>\n\t\t\t\t\t\t\t\t\t\t\t\t<span class=\"post_meta_item post_date\"><a href=\"https:\/\/www.les-black-panthers.org\/FootUS\/asemblee-generale-ordinaire-2026\/\">1 avril 2026<\/a><\/span>\n\t\t\t\t\t\t<\/div><!-- .post_meta -->\t\t\t\t\t<\/div>\n\t\t\t\t<\/div>\n\t\t\t<\/div>\n\t\t\t<\/div><div class=\"sc_blogger_item_content entry-content\"><div class=\"sc_blogger_item_header entry-header\"><div class=\"post_meta\">\t\t\t\t\t\t<span class=\"post_meta_item post_categories\"><a href=\"https:\/\/www.les-black-panthers.org\/FootUS\/category\/actualites-du-club\/\" rel=\"category tag\">Actualit\u00e9s du Club<\/a>, <a href=\"https:\/\/www.les-black-panthers.org\/FootUS\/category\/actualites-elite\/\" rel=\"category tag\">Actualit\u00e9s Elite<\/a><\/span>\n\t\t\t\t\t\t<\/div><!-- .post_meta --><h4 class=\"sc_blogger_item_title entry-title\"><a href=\"https:\/\/www.les-black-panthers.org\/FootUS\/asemblee-generale-ordinaire-2026\/\" rel=\"bookmark\">ASSEMBL\u00c9E G\u00c9N\u00c9RALE ORDINAIRE 2026<\/a><\/h4><\/div><!-- .entry-header --><div class=\"sc_blogger_item_excerpt\">\n\t\t\t\t<div class=\"post_meta\">\t\t\t\t\t\t<a class=\"post_meta_item post_author\" rel=\"author\" href=\"https:\/\/www.les-black-panthers.org\/FootUS\/author\/hippo-2\/\">\n\t\t\t\t\t\t\t@hippo\t\t\t\t\t\t<\/a>\n\t\t\t\t\t\t\t\t\t\t\t\t<span class=\"post_meta_item post_date\"><a href=\"https:\/\/www.les-black-panthers.org\/FootUS\/asemblee-generale-ordinaire-2026\/\">1 avril 2026<\/a><\/span>\n\t\t\t\t\t\t <a href=\"https:\/\/www.les-black-panthers.org\/FootUS\/asemblee-generale-ordinaire-2026\/#respond\" class=\"post_meta_item post_counters_item post_counters_comments trx_addons_icon-comment\"><span class=\"post_counters_number\">0<\/span><span class=\"post_counters_label\">Comments<\/span><\/a> <\/div><!-- .post_meta --><\/div><!-- .sc_blogger_item_excerpt --><\/div><!-- .entry-content --><\/div><!-- .sc_blogger_item --><\/div><div class=\"trx_addons_column-1_4\"><div class=\"sc_blogger_item post_format_standard post-17706 post type-post status-publish format-standard has-post-thumbnail hentry category-actualites-du-club category-actualites-elite\"><div class=\"post_featured with_thumb hover_border sc_blogger_item_featured\"><img loading=\"lazy\" decoding=\"async\" width=\"700\" height=\"530\" src=\"https:\/\/www.les-black-panthers.org\/FootUS\/wp-content\/uploads\/2026\/01\/FFFA-700x530.jpg\" class=\"attachment-jude-thumb-sq size-jude-thumb-sq wp-post-image\" alt=\"\" \/><div class=\"mask\"><\/div>\t\t\t<div class=\"post_info\">\n\t\t\t\t<div class=\"post_info_back\">\n\t\t\t\t\t<h4 class=\"post_title\"><a href=\"https:\/\/www.les-black-panthers.org\/FootUS\/creation-de-la-ligue-elite-fffa-en-2027\/\">View More<\/a><\/h4>\n\t\t\t\t\t<div class=\"post_descr\" class=\"display_none\">\n\t\t\t\t\t\t<div class=\"post_meta\">\t\t\t\t\t\t<span class=\"post_meta_item post_categories\"><a href=\"https:\/\/www.les-black-panthers.org\/FootUS\/category\/actualites-du-club\/\" rel=\"category tag\">Actualit\u00e9s du Club<\/a>, <a href=\"https:\/\/www.les-black-panthers.org\/FootUS\/category\/actualites-elite\/\" rel=\"category tag\">Actualit\u00e9s Elite<\/a><\/span>\n\t\t\t\t\t\t\t\t\t\t\t\t<span class=\"post_meta_item post_date\"><a href=\"https:\/\/www.les-black-panthers.org\/FootUS\/creation-de-la-ligue-elite-fffa-en-2027\/\">29 janvier 2026<\/a><\/span>\n\t\t\t\t\t\t<\/div><!-- .post_meta -->\t\t\t\t\t<\/div>\n\t\t\t\t<\/div>\n\t\t\t<\/div>\n\t\t\t<\/div><div class=\"sc_blogger_item_content entry-content\"><div class=\"sc_blogger_item_header entry-header\"><div class=\"post_meta\">\t\t\t\t\t\t<span class=\"post_meta_item post_categories\"><a href=\"https:\/\/www.les-black-panthers.org\/FootUS\/category\/actualites-du-club\/\" rel=\"category tag\">Actualit\u00e9s du Club<\/a>, <a href=\"https:\/\/www.les-black-panthers.org\/FootUS\/category\/actualites-elite\/\" rel=\"category tag\">Actualit\u00e9s Elite<\/a><\/span>\n\t\t\t\t\t\t<\/div><!-- .post_meta --><h4 class=\"sc_blogger_item_title entry-title\"><a href=\"https:\/\/www.les-black-panthers.org\/FootUS\/creation-de-la-ligue-elite-fffa-en-2027\/\" rel=\"bookmark\">Cr\u00e9ation de la Ligue ELITE FFFA en 2027<\/a><\/h4><\/div><!-- .entry-header --><div class=\"sc_blogger_item_excerpt\">\n\t\t\t\t<div class=\"post_meta\">\t\t\t\t\t\t<a class=\"post_meta_item post_author\" rel=\"author\" href=\"https:\/\/www.les-black-panthers.org\/FootUS\/author\/hippo-2\/\">\n\t\t\t\t\t\t\t@hippo\t\t\t\t\t\t<\/a>\n\t\t\t\t\t\t\t\t\t\t\t\t<span class=\"post_meta_item post_date\"><a href=\"https:\/\/www.les-black-panthers.org\/FootUS\/creation-de-la-ligue-elite-fffa-en-2027\/\">29 janvier 2026<\/a><\/span>\n\t\t\t\t\t\t <a href=\"https:\/\/www.les-black-panthers.org\/FootUS\/creation-de-la-ligue-elite-fffa-en-2027\/#respond\" class=\"post_meta_item post_counters_item post_counters_comments trx_addons_icon-comment\"><span class=\"post_counters_number\">0<\/span><span class=\"post_counters_label\">Comments<\/span><\/a> <\/div><!-- .post_meta --><\/div><!-- .sc_blogger_item_excerpt --><\/div><!-- .entry-content --><\/div><!-- .sc_blogger_item --><\/div><div class=\"trx_addons_column-1_4\"><div class=\"sc_blogger_item post_format_standard post-17467 post type-post status-publish format-standard has-post-thumbnail hentry category-actualites-du-club category-actualites-elite\"><div class=\"post_featured with_thumb hover_border sc_blogger_item_featured\"><img loading=\"lazy\" decoding=\"async\" width=\"700\" height=\"530\" src=\"https:\/\/www.les-black-panthers.org\/FootUS\/wp-content\/uploads\/2025\/09\/AGF2025-Presentation-700x530.jpg\" class=\"attachment-jude-thumb-sq size-jude-thumb-sq wp-post-image\" alt=\"\" \/><div class=\"mask\"><\/div>\t\t\t<div class=\"post_info\">\n\t\t\t\t<div class=\"post_info_back\">\n\t\t\t\t\t<h4 class=\"post_title\"><a href=\"https:\/\/www.les-black-panthers.org\/FootUS\/assemblee-generale-financiere\/\">View More<\/a><\/h4>\n\t\t\t\t\t<div class=\"post_descr\" class=\"display_none\">\n\t\t\t\t\t\t<div class=\"post_meta\">\t\t\t\t\t\t<span class=\"post_meta_item post_categories\"><a href=\"https:\/\/www.les-black-panthers.org\/FootUS\/category\/actualites-du-club\/\" rel=\"category tag\">Actualit\u00e9s du Club<\/a>, <a href=\"https:\/\/www.les-black-panthers.org\/FootUS\/category\/actualites-elite\/\" rel=\"category tag\">Actualit\u00e9s Elite<\/a><\/span>\n\t\t\t\t\t\t\t\t\t\t\t\t<span class=\"post_meta_item post_date\"><a href=\"https:\/\/www.les-black-panthers.org\/FootUS\/assemblee-generale-financiere\/\">24 septembre 2025<\/a><\/span>\n\t\t\t\t\t\t<\/div><!-- .post_meta -->\t\t\t\t\t<\/div>\n\t\t\t\t<\/div>\n\t\t\t<\/div>\n\t\t\t<\/div><div class=\"sc_blogger_item_content entry-content\"><div class=\"sc_blogger_item_header entry-header\"><div class=\"post_meta\">\t\t\t\t\t\t<span class=\"post_meta_item post_categories\"><a href=\"https:\/\/www.les-black-panthers.org\/FootUS\/category\/actualites-du-club\/\" rel=\"category tag\">Actualit\u00e9s du Club<\/a>, <a href=\"https:\/\/www.les-black-panthers.org\/FootUS\/category\/actualites-elite\/\" rel=\"category tag\">Actualit\u00e9s Elite<\/a><\/span>\n\t\t\t\t\t\t<\/div><!-- .post_meta --><h4 class=\"sc_blogger_item_title entry-title\"><a href=\"https:\/\/www.les-black-panthers.org\/FootUS\/assemblee-generale-financiere\/\" rel=\"bookmark\">ASSEMBL\u00c9E G\u00c9N\u00c9RALE FINANCIERE<\/a><\/h4><\/div><!-- .entry-header --><div class=\"sc_blogger_item_excerpt\">\n\t\t\t\t<div class=\"post_meta\">\t\t\t\t\t\t<a class=\"post_meta_item post_author\" rel=\"author\" href=\"https:\/\/www.les-black-panthers.org\/FootUS\/author\/hippo-2\/\">\n\t\t\t\t\t\t\t@hippo\t\t\t\t\t\t<\/a>\n\t\t\t\t\t\t\t\t\t\t\t\t<span class=\"post_meta_item post_date\"><a href=\"https:\/\/www.les-black-panthers.org\/FootUS\/assemblee-generale-financiere\/\">24 septembre 2025<\/a><\/span>\n\t\t\t\t\t\t <a href=\"https:\/\/www.les-black-panthers.org\/FootUS\/assemblee-generale-financiere\/#respond\" class=\"post_meta_item post_counters_item post_counters_comments trx_addons_icon-comment\"><span class=\"post_counters_number\">0<\/span><span class=\"post_counters_label\">Comments<\/span><\/a> <\/div><!-- .post_meta --><\/div><!-- .sc_blogger_item_excerpt --><\/div><!-- .entry-content --><\/div><!-- .sc_blogger_item --><\/div><div class=\"trx_addons_column-1_4\"><div class=\"sc_blogger_item post_format_standard post-17423 post type-post status-publish format-standard has-post-thumbnail hentry category-actualites-cheer category-actualites-du-club category-actualites-elite category-actualites-flag category-actualites-jeunes\"><div class=\"post_featured with_thumb hover_border sc_blogger_item_featured\"><img loading=\"lazy\" decoding=\"async\" width=\"700\" height=\"530\" src=\"https:\/\/www.les-black-panthers.org\/FootUS\/wp-content\/uploads\/2025\/07\/Inscriptions2025-26-hz-700x530.jpg\" class=\"attachment-jude-thumb-sq size-jude-thumb-sq wp-post-image\" alt=\"\" \/><div class=\"mask\"><\/div>\t\t\t<div class=\"post_info\">\n\t\t\t\t<div class=\"post_info_back\">\n\t\t\t\t\t<h4 class=\"post_title\"><a href=\"https:\/\/www.les-black-panthers.org\/FootUS\/dossier-dinscription-2025-2026\/\">View More<\/a><\/h4>\n\t\t\t\t\t<div class=\"post_descr\" class=\"display_none\">\n\t\t\t\t\t\t<div class=\"post_meta\">\t\t\t\t\t\t<span class=\"post_meta_item post_categories\"><a href=\"https:\/\/www.les-black-panthers.org\/FootUS\/category\/actualites-cheer\/\" rel=\"category tag\">Actualit\u00e9s Cheer<\/a>, <a href=\"https:\/\/www.les-black-panthers.org\/FootUS\/category\/actualites-du-club\/\" rel=\"category tag\">Actualit\u00e9s du Club<\/a>, <a href=\"https:\/\/www.les-black-panthers.org\/FootUS\/category\/actualites-elite\/\" rel=\"category tag\">Actualit\u00e9s Elite<\/a>, <a href=\"https:\/\/www.les-black-panthers.org\/FootUS\/category\/actualites-flag\/\" rel=\"category tag\">Actualit\u00e9s Flag<\/a>, <a href=\"https:\/\/www.les-black-panthers.org\/FootUS\/category\/actualites-jeunes\/\" rel=\"category tag\">Actualit\u00e9s Jeunes<\/a><\/span>\n\t\t\t\t\t\t\t\t\t\t\t\t<span class=\"post_meta_item post_date\"><a href=\"https:\/\/www.les-black-panthers.org\/FootUS\/dossier-dinscription-2025-2026\/\">25 juillet 2025<\/a><\/span>\n\t\t\t\t\t\t<\/div><!-- .post_meta -->\t\t\t\t\t<\/div>\n\t\t\t\t<\/div>\n\t\t\t<\/div>\n\t\t\t<\/div><div class=\"sc_blogger_item_content entry-content\"><div class=\"sc_blogger_item_header entry-header\"><div class=\"post_meta\">\t\t\t\t\t\t<span class=\"post_meta_item post_categories\"><a href=\"https:\/\/www.les-black-panthers.org\/FootUS\/category\/actualites-cheer\/\" rel=\"category tag\">Actualit\u00e9s Cheer<\/a>, <a href=\"https:\/\/www.les-black-panthers.org\/FootUS\/category\/actualites-du-club\/\" rel=\"category tag\">Actualit\u00e9s du Club<\/a>, <a href=\"https:\/\/www.les-black-panthers.org\/FootUS\/category\/actualites-elite\/\" rel=\"category tag\">Actualit\u00e9s Elite<\/a>, <a href=\"https:\/\/www.les-black-panthers.org\/FootUS\/category\/actualites-flag\/\" rel=\"category tag\">Actualit\u00e9s Flag<\/a>, <a href=\"https:\/\/www.les-black-panthers.org\/FootUS\/category\/actualites-jeunes\/\" rel=\"category tag\">Actualit\u00e9s Jeunes<\/a><\/span>\n\t\t\t\t\t\t<\/div><!-- .post_meta --><h4 class=\"sc_blogger_item_title entry-title\"><a href=\"https:\/\/www.les-black-panthers.org\/FootUS\/dossier-dinscription-2025-2026\/\" rel=\"bookmark\">Dossier d&rsquo;inscription 2025-2026<\/a><\/h4><\/div><!-- .entry-header --><div class=\"sc_blogger_item_excerpt\">\n\t\t\t\t<div class=\"post_meta\">\t\t\t\t\t\t<a class=\"post_meta_item post_author\" rel=\"author\" href=\"https:\/\/www.les-black-panthers.org\/FootUS\/author\/hippo-2\/\">\n\t\t\t\t\t\t\t@hippo\t\t\t\t\t\t<\/a>\n\t\t\t\t\t\t\t\t\t\t\t\t<span class=\"post_meta_item post_date\"><a href=\"https:\/\/www.les-black-panthers.org\/FootUS\/dossier-dinscription-2025-2026\/\">25 juillet 2025<\/a><\/span>\n\t\t\t\t\t\t <a href=\"https:\/\/www.les-black-panthers.org\/FootUS\/dossier-dinscription-2025-2026\/#respond\" class=\"post_meta_item post_counters_item post_counters_comments trx_addons_icon-comment\"><span class=\"post_counters_number\">0<\/span><span class=\"post_counters_label\">Comments<\/span><\/a> <\/div><!-- .post_meta --><\/div><!-- .sc_blogger_item_excerpt --><\/div><!-- .entry-content --><\/div><!-- .sc_blogger_item --><\/div><\/div><\/div><!-- \/.sc_blogger -->[\/vc_column_inner][\/vc_row_inner][\/vc_column][\/vc_row]<\/p>\n<\/div>","protected":false},"excerpt":{"rendered":"<p>[vc_row full_width=\u00a0\u00bbstretch_row_content_no_spaces\u00a0\u00bb css=\u00a0\u00bb.vc_custom_1696926857467{margin-top: 0px !important;padding-top: 0px !important;}\u00a0\u00bb][vc_column css_animation=\u00a0\u00bbfadeInDown\u00a0\u00bb][\/vc_column][\/vc_row][vc_row][vc_column width=\u00a0\u00bb1\/2&Prime;][vc_text_separator title=\u00a0\u00bbCHAMPIONNAT ELITE\u00a0\u00bb css_animation=\u00a0\u00bbfadeInUp\u00a0\u00bb][vc_custom_heading text=\u00a0\u00bbProchain match \u00c9lite\u00a0\u00bb font_container=\u00a0\u00bbtag:h4|text_align:left\u00a0\u00bb use_theme_fonts=\u00a0\u00bbyes\u00a0\u00bb][vc_single_image image=\u00a0\u00bb17682&Prime; img_size=\u00a0\u00bbfull\u00a0\u00bb alignment=\u00a0\u00bbcenter\u00a0\u00bb onclick=\u00a0\u00bbcustom_link\u00a0\u00bb link=\u00a0\u00bbhttps:\/\/www.les-black-panthers.org\/FootUS\/calendrier-elite\u00a0\u00bb][\/vc_column][vc_column width=\u00a0\u00bb1\/2&Prime;][vc_text_separator title=\u00a0\u00bbCHAMPIONNAT ESPOIR\u00a0\u00bb css_animation=\u00a0\u00bbfadeInUp\u00a0\u00bb][vc_custom_heading text=\u00a0\u00bbProchain match Espoir\u00a0\u00bb font_container=\u00a0\u00bbtag:h4|text_align:left\u00a0\u00bb use_theme_fonts=\u00a0\u00bbyes\u00a0\u00bb][vc_single_image image=\u00a0\u00bb17929&Prime; img_size=\u00a0\u00bbfull\u00a0\u00bb alignment=\u00a0\u00bbcenter\u00a0\u00bb onclick=\u00a0\u00bbcustom_link\u00a0\u00bb link=\u00a0\u00bbhttps:\/\/www.les-black-panthers.org\/FootUS\/calendrier-espoir\u00a0\u00bb][\/vc_column][\/vc_row][vc_row][vc_column width=\u00a0\u00bb1\/2&Prime;][vc_text_separator title=\u00a0\u00bbCHAMPIONNAT ELITE\u00a0\u00bb css_animation=\u00a0\u00bbfadeInUp\u00a0\u00bb][vc_custom_heading text=\u00a0\u00bbR\u00e9sultats\/Classement\u00a0\u00bb font_container=\u00a0\u00bbtag:h4|text_align:left\u00a0\u00bb use_theme_fonts=\u00a0\u00bbyes\u00a0\u00bb][vc_column_text][\/vc_column_text][\/vc_column][vc_column width=\u00a0\u00bb1\/2&Prime;][vc_text_separator title=\u00a0\u00bbCHAMPIONNAT ESPOIR\u00a0\u00bb css_animation=\u00a0\u00bbfadeInUp\u00a0\u00bb][vc_custom_heading text=\u00a0\u00bbR\u00e9sultats\/Classement\u00a0\u00bb font_container=\u00a0\u00bbtag:h4|text_align:left\u00a0\u00bb use_theme_fonts=\u00a0\u00bbyes\u00a0\u00bb][vc_column_text][\/vc_column_text][\/vc_column][\/vc_row][vc_row full_width=\u00a0\u00bbstretch_row\u00a0\u00bb content_placement=\u00a0\u00bbtop\u00a0\u00bb extra_bg_mask=\u00a0\u00bb7&Prime; hide_bg_image_on_tablet=\u00a0\u00bb\u00a0\u00bb hide_bg_image_on_mobile=\u00a0\u00bb\u00a0\u00bb css=\u00a0\u00bb.vc_custom_1698655262000{background-size: cover !important;}\u00a0\u00bb][vc_column][vc_text_separator title=\u00a0\u00bbLATEST NEWS&hellip;<\/p>\n","protected":false},"author":17,"featured_media":0,"parent":0,"menu_order":0,"comment_status":"closed","ping_status":"closed","template":"","meta":{"footnotes":""},"_links":{"self":[{"href":"https:\/\/www.les-black-panthers.org\/FootUS\/wp-json\/wp\/v2\/pages\/15674"}],"collection":[{"href":"https:\/\/www.les-black-panthers.org\/FootUS\/wp-json\/wp\/v2\/pages"}],"about":[{"href":"https:\/\/www.les-black-panthers.org\/FootUS\/wp-json\/wp\/v2\/types\/page"}],"author":[{"embeddable":true,"href":"https:\/\/www.les-black-panthers.org\/FootUS\/wp-json\/wp\/v2\/users\/17"}],"replies":[{"embeddable":true,"href":"https:\/\/www.les-black-panthers.org\/FootUS\/wp-json\/wp\/v2\/comments?post=15674"}],"version-history":[{"count":68,"href":"https:\/\/www.les-black-panthers.org\/FootUS\/wp-json\/wp\/v2\/pages\/15674\/revisions"}],"predecessor-version":[{"id":17932,"href":"https:\/\/www.les-black-panthers.org\/FootUS\/wp-json\/wp\/v2\/pages\/15674\/revisions\/17932"}],"wp:attachment":[{"href":"https:\/\/www.les-black-panthers.org\/FootUS\/wp-json\/wp\/v2\/media?parent=15674"}],"curies":[{"name":"wp","href":"https:\/\/api.w.org\/{rel}","templated":true}]}}