{"id":137,"date":"2015-12-08T15:25:21","date_gmt":"2015-12-08T14:25:21","guid":{"rendered":"http:\/\/www.les-black-panthers.org\/FootUS\/?page_id=137"},"modified":"2025-11-30T22:23:45","modified_gmt":"2025-11-30T21:23:45","slug":"pantherssquad","status":"publish","type":"page","link":"https:\/\/www.les-black-panthers.org\/FootUS\/pantherssquad\/","title":{"rendered":"Panthers Squad"},"content":{"rendered":"<div class=\"wpb-content-wrapper\"><p>[vc_row full_width=\u00a0\u00bbstretch_row_content\u00a0\u00bb content_placement=\u00a0\u00bbbottom\u00a0\u00bb css=\u00a0\u00bb.vc_custom_1706016020523{margin-top: -100px !important;background-image: url(https:\/\/www.les-black-panthers.org\/FootUS\/wp-content\/uploads\/2024\/01\/Fond-Squad1_noir.jpg?id=16275) !important;background-position: top center !important;background-repeat: no-repeat !important;background-size: cover !important;}\u00a0\u00bb][vc_column el_class=\u00a0\u00bbpx_height\u00a0\u00bb][vc_row_inner][vc_column_inner width=\u00a0\u00bb1\/6&Prime;][\/vc_column_inner][vc_column_inner width=\u00a0\u00bb2\/3&Prime;][vc_single_image image=\u00a0\u00bb16276&Prime; img_size=\u00a0\u00bblarge\u00a0\u00bb alignment=\u00a0\u00bbcenter\u00a0\u00bb][\/vc_column_inner][vc_column_inner width=\u00a0\u00bb1\/6&Prime;][\/vc_column_inner][\/vc_row_inner][vc_row_inner][vc_column_inner width=\u00a0\u00bb1\/4&Prime;][\/vc_column_inner][vc_column_inner width=\u00a0\u00bb1\/2&Prime;][vc_column_text css_animation=\u00a0\u00bbfadeInUp\u00a0\u00bb]<span style=\"color: #007fc0; text-transform: uppercase; font-weight: bold;\">Devenez membre de la Panthers Squad<\/span><br \/>\n<strong style=\"color: #ffffff;\"><br \/>\n&gt; Acc\u00e9dez aux matchs \u00c9lite &amp; Europe des Black Panthers de Thonon 2026 <\/strong>(sauf finale, si qualification)<strong style=\"color: #ffffff;\"><br \/>\n&gt; Placement r\u00e9serv\u00e9 au stade pour la Panthers Squad<br \/>\n<\/strong><strong style=\"color: #ffffff;\">&gt; Remises exceptionnelles aupr\u00e8s des partenaires Panthers Card<br \/>\n&gt; Des infos sur la Team Elite en exclusivit\u00e9 gr\u00e2ce \u00e0 la newsletter<br \/>\n&gt; Jeux concours chaque semaine de match sp\u00e9cial Panthers Squad <\/strong>(Photo avec joueurs, acc\u00e8s terrain, acc\u00e8s VIP&#8230;)<strong style=\"color: #ffffff;\"><br \/>\n&gt; 15% de r\u00e9duction \u00e0 la boutique Black Panthers et acc\u00e8s \u00e0 des produits exclusifs Panthers Squad<br \/>\n<\/strong><br \/>\n<span style=\"color: #007fc0; text-transform: uppercase; font-weight: bold;\">Achetez la Panthers card pour rejoindre le groupe des supporters des Black Panthers de Thonon\u00a0!<\/span>[\/vc_column_text][vc_btn title=\u00a0\u00bbPanthers Card\u00a0\u00bb color=\u00a0\u00bbprimary\u00a0\u00bb align=\u00a0\u00bbcenter\u00a0\u00bb link=\u00a0\u00bburl:https%3A%2F%2Fwww.panthers-shop.com%2Fproduit%2Fpanthers-card-2024%2F|target:_blank\u00a0\u00bb][vc_empty_space hide_on_desktop=\u00a0\u00bb\u00a0\u00bb hide_on_notebook=\u00a0\u00bb\u00a0\u00bb hide_on_tablet=\u00a0\u00bb\u00a0\u00bb hide_on_mobile=\u00a0\u00bb\u00a0\u00bb][\/vc_column_inner][vc_column_inner width=\u00a0\u00bb1\/4&Prime;][\/vc_column_inner][\/vc_row_inner][vc_empty_space alter_height=\u00a0\u00bbnone\u00a0\u00bb hide_on_desktop=\u00a0\u00bb\u00a0\u00bb hide_on_notebook=\u00a0\u00bb\u00a0\u00bb hide_on_tablet=\u00a0\u00bb\u00a0\u00bb hide_on_mobile=\u00a0\u00bb\u00a0\u00bb][vc_single_image image=\u00a0\u00bb15701&Prime; img_size=\u00a0\u00bbfull\u00a0\u00bb alignment=\u00a0\u00bbcenter\u00a0\u00bb][vc_empty_space alter_height=\u00a0\u00bbnone\u00a0\u00bb hide_on_desktop=\u00a0\u00bb\u00a0\u00bb hide_on_notebook=\u00a0\u00bb\u00a0\u00bb hide_on_tablet=\u00a0\u00bb\u00a0\u00bb hide_on_mobile=\u00a0\u00bb\u00a0\u00bb][vc_single_image image=\u00a0\u00bb15700&Prime; img_size=\u00a0\u00bbfull\u00a0\u00bb alignment=\u00a0\u00bbcenter\u00a0\u00bb][\/vc_column][\/vc_row]<\/p>\n<\/div>","protected":false},"excerpt":{"rendered":"<p>[vc_row full_width=\u00a0\u00bbstretch_row_content\u00a0\u00bb content_placement=\u00a0\u00bbbottom\u00a0\u00bb css=\u00a0\u00bb.vc_custom_1706016020523{margin-top: -100px !important;background-image: url(https:\/\/www.les-black-panthers.org\/FootUS\/wp-content\/uploads\/2024\/01\/Fond-Squad1_noir.jpg?id=16275) !important;background-position: top center !important;background-repeat: no-repeat !important;background-size: cover !important;}\u00a0\u00bb][vc_column el_class=\u00a0\u00bbpx_height\u00a0\u00bb][vc_row_inner][vc_column_inner width=\u00a0\u00bb1\/6&Prime;][\/vc_column_inner][vc_column_inner width=\u00a0\u00bb2\/3&Prime;][vc_single_image image=\u00a0\u00bb16276&Prime; img_size=\u00a0\u00bblarge\u00a0\u00bb alignment=\u00a0\u00bbcenter\u00a0\u00bb][\/vc_column_inner][vc_column_inner width=\u00a0\u00bb1\/6&Prime;][\/vc_column_inner][\/vc_row_inner][vc_row_inner][vc_column_inner width=\u00a0\u00bb1\/4&Prime;][\/vc_column_inner][vc_column_inner width=\u00a0\u00bb1\/2&Prime;][vc_column_text css_animation=\u00a0\u00bbfadeInUp\u00a0\u00bb]Devenez membre de la Panthers Squad &gt; Acc\u00e9dez aux matchs \u00c9lite &amp; Europe des Black Panthers de Thonon (sauf finale, si qualification) &gt; Placement r\u00e9serv\u00e9 au stade pour la Panthers Squad &gt; Remises exceptionnelles aupr\u00e8s des&hellip;<\/p>\n","protected":false},"author":17,"featured_media":0,"parent":0,"menu_order":0,"comment_status":"closed","ping_status":"closed","template":"","meta":{"footnotes":""},"_links":{"self":[{"href":"https:\/\/www.les-black-panthers.org\/FootUS\/wp-json\/wp\/v2\/pages\/137"}],"collection":[{"href":"https:\/\/www.les-black-panthers.org\/FootUS\/wp-json\/wp\/v2\/pages"}],"about":[{"href":"https:\/\/www.les-black-panthers.org\/FootUS\/wp-json\/wp\/v2\/types\/page"}],"author":[{"embeddable":true,"href":"https:\/\/www.les-black-panthers.org\/FootUS\/wp-json\/wp\/v2\/users\/17"}],"replies":[{"embeddable":true,"href":"https:\/\/www.les-black-panthers.org\/FootUS\/wp-json\/wp\/v2\/comments?post=137"}],"version-history":[{"count":27,"href":"https:\/\/www.les-black-panthers.org\/FootUS\/wp-json\/wp\/v2\/pages\/137\/revisions"}],"predecessor-version":[{"id":17662,"href":"https:\/\/www.les-black-panthers.org\/FootUS\/wp-json\/wp\/v2\/pages\/137\/revisions\/17662"}],"wp:attachment":[{"href":"https:\/\/www.les-black-panthers.org\/FootUS\/wp-json\/wp\/v2\/media?parent=137"}],"curies":[{"name":"wp","href":"https:\/\/api.w.org\/{rel}","templated":true}]}}